{"id":5103,"date":"2023-09-18T11:10:35","date_gmt":"2023-09-18T15:10:35","guid":{"rendered":"https:\/\/secretfamilycultclub.com\/the-exhilarating-joy-of-a-life-made-anew\/"},"modified":"2023-10-18T11:33:54","modified_gmt":"2023-10-18T15:33:54","slug":"the-exhilarating-joy-of-a-life-made-anew","status":"publish","type":"page","link":"https:\/\/secretfamilycultclub.com\/fr\/the-exhilarating-joy-of-a-life-made-anew\/","title":{"rendered":"The Exhilarating Joy of a Life Made Anew"},"content":{"rendered":"\t\t<div data-elementor-type=\"wp-page\" data-elementor-id=\"5103\" class=\"elementor elementor-5103\" data-elementor-post-type=\"page\">\n\t\t\t\t\t\t<section data-particle_enable=\"false\" data-particle-mobile-disabled=\"false\" class=\"elementor-section elementor-top-section elementor-element elementor-element-c20ea50 elementor-section-boxed elementor-section-height-default elementor-section-height-default\" data-id=\"c20ea50\" data-element_type=\"section\" data-e-type=\"section\">\n\t\t\t\t\t\t<div class=\"elementor-container elementor-column-gap-default\">\n\t\t\t\t\t<div class=\"elementor-column elementor-col-100 elementor-top-column elementor-element elementor-element-7f7c0b4\" data-id=\"7f7c0b4\" data-element_type=\"column\" data-e-type=\"column\">\n\t\t\t<div class=\"elementor-widget-wrap elementor-element-populated\">\n\t\t\t\t\t\t<div class=\"elementor-element elementor-element-da84807 elementor-widget-divider--view-line_text elementor-widget-divider--element-align-center elementor-widget elementor-widget-divider\" data-id=\"da84807\" data-element_type=\"widget\" data-e-type=\"widget\" data-widget_type=\"divider.default\">\n\t\t\t\t<div class=\"elementor-widget-container\">\n\t\t\t\t\t\t\t<div class=\"elementor-divider\">\n\t\t\t<span class=\"elementor-divider-separator\">\n\t\t\t\t\t\t\t<h1 class=\"elementor-divider__text elementor-divider__element\">\n\t\t\t\t\u00c0 propos du th\u00e8me\t\t\t\t<\/h1>\n\t\t\t\t\t\t<\/span>\n\t\t<\/div>\n\t\t\t\t\t\t<\/div>\n\t\t\t\t<\/div>\n\t\t\t\t<div class=\"elementor-element elementor-element-a110899 elementor-widget elementor-widget-heading\" data-id=\"a110899\" data-element_type=\"widget\" data-e-type=\"widget\" data-widget_type=\"heading.default\">\n\t\t\t\t<div class=\"elementor-widget-container\">\n\t\t\t\t\t<h3 class=\"elementor-heading-title elementor-size-default\">The Exhilarating Joy of a Life Made Anew<\/h3>\t\t\t\t<\/div>\n\t\t\t\t<\/div>\n\t\t\t\t<div class=\"elementor-element elementor-element-a2145db elementor-widget elementor-widget-heading\" data-id=\"a2145db\" data-element_type=\"widget\" data-e-type=\"widget\" data-widget_type=\"heading.default\">\n\t\t\t\t<div class=\"elementor-widget-container\">\n\t\t\t\t\t<h4 class=\"elementor-heading-title elementor-size-default\">(From Something Given to Someone Revived)<\/h4>\t\t\t\t<\/div>\n\t\t\t\t<\/div>\n\t\t\t\t\t<\/div>\n\t\t<\/div>\n\t\t\t\t\t<\/div>\n\t\t<\/section>\n\t\t\t\t<section data-particle_enable=\"false\" data-particle-mobile-disabled=\"false\" class=\"elementor-section elementor-top-section elementor-element elementor-element-1505cd7 elementor-hidden-tablet elementor-section-boxed elementor-section-height-default elementor-section-height-default\" data-id=\"1505cd7\" data-element_type=\"section\" data-e-type=\"section\">\n\t\t\t\t\t\t<div class=\"elementor-container elementor-column-gap-default\">\n\t\t\t\t\t<div class=\"elementor-column elementor-col-50 elementor-top-column elementor-element elementor-element-16d8d49\" data-id=\"16d8d49\" data-element_type=\"column\" data-e-type=\"column\">\n\t\t\t<div class=\"elementor-widget-wrap elementor-element-populated\">\n\t\t\t\t\t\t<div class=\"elementor-element elementor-element-737125f elementor-widget elementor-widget-image\" data-id=\"737125f\" data-element_type=\"widget\" data-e-type=\"widget\" data-widget_type=\"image.default\">\n\t\t\t\t<div class=\"elementor-widget-container\">\n\t\t\t\t\t\t\t\t\t\t\t\t\t\t\t<img fetchpriority=\"high\" decoding=\"async\" width=\"1000\" height=\"1000\" src=\"https:\/\/secretfamilycultclub.com\/wp-content\/uploads\/2023\/09\/hacidori_a-web.jpg\" class=\"attachment-large size-large wp-image-5063\" alt=\"\" srcset=\"https:\/\/secretfamilycultclub.com\/wp-content\/uploads\/2023\/09\/hacidori_a-web.jpg 1000w, https:\/\/secretfamilycultclub.com\/wp-content\/uploads\/2023\/09\/hacidori_a-web-300x300.jpg 300w, https:\/\/secretfamilycultclub.com\/wp-content\/uploads\/2023\/09\/hacidori_a-web-150x150.jpg 150w, https:\/\/secretfamilycultclub.com\/wp-content\/uploads\/2023\/09\/hacidori_a-web-768x768.jpg 768w\" sizes=\"(max-width: 1000px) 100vw, 1000px\" \/>\t\t\t\t\t\t\t\t\t\t\t\t\t\t\t<\/div>\n\t\t\t\t<\/div>\n\t\t\t\t\t<\/div>\n\t\t<\/div>\n\t\t\t\t<div class=\"elementor-column elementor-col-50 elementor-top-column elementor-element elementor-element-0cd0f1c\" data-id=\"0cd0f1c\" data-element_type=\"column\" data-e-type=\"column\">\n\t\t\t<div class=\"elementor-widget-wrap elementor-element-populated\">\n\t\t\t\t\t\t<div class=\"elementor-element elementor-element-d39373d elementor-widget elementor-widget-heading\" data-id=\"d39373d\" data-element_type=\"widget\" data-e-type=\"widget\" data-widget_type=\"heading.default\">\n\t\t\t\t<div class=\"elementor-widget-container\">\n\t\t\t\t\t<h5 class=\"elementor-heading-title elementor-size-default\">La joie exaltante d\u2019une vie renouvel\u00e9e<\/h5>\t\t\t\t<\/div>\n\t\t\t\t<\/div>\n\t\t\t\t<div class=\"elementor-element elementor-element-353b7bb elementor-widget elementor-widget-heading\" data-id=\"353b7bb\" data-element_type=\"widget\" data-e-type=\"widget\" data-widget_type=\"heading.default\">\n\t\t\t\t<div class=\"elementor-widget-container\">\n\t\t\t\t\t<h6 class=\"elementor-heading-title elementor-size-default\">(De quelque chose donn\u00e9 \u00e0 quelqu'un ressuscit\u00e9)<\/h6>\t\t\t\t<\/div>\n\t\t\t\t<\/div>\n\t\t\t\t<div class=\"elementor-element elementor-element-1e32b8e elementor-widget elementor-widget-text-editor\" data-id=\"1e32b8e\" data-element_type=\"widget\" data-e-type=\"widget\" data-widget_type=\"text-editor.default\">\n\t\t\t\t<div class=\"elementor-widget-container\">\n\t\t\t\t\t\t\t\t\tCette vision du th\u00e8me est n\u00e9e alors que j&rsquo;\u00e9tais dans une phase post-chirurgicale cardiaque fragile et inqui\u00e9tante, et je crois que, dans le sch\u00e8me le plus grandiose de tout, principalement cach\u00e9 et per\u00e7u indistinctement, elle repr\u00e9sente un spectacle \u00e9clatant d&rsquo;un pass\u00e9 et d&rsquo;un pr\u00e9sent, offrant de mani\u00e8re vivante des \u00e9tincelles de parcelles troublantes et d\u00e9routantes d&rsquo;un voyage d\u00e9fini par les improbabilit\u00e9s et l&rsquo;absurdit\u00e9 dont ma vie a \u00e9t\u00e9 faite jusqu&rsquo;\u00e0 ce moment pr\u00e9cis, comme un m\u00e9lange enchev\u00eatr\u00e9 de vibrations connues et non r\u00e9solues, chacune s&rsquo;estompant \u00e0 mesure que je le fais.\n<br><br>\nC&rsquo;est d\u00e9routant de voir \u00e0 quel point la croyance la plus forte de toutes s\u2019affaiblit alors que votre respiration habituellement tranquille devient soudainement beaucoup plus difficile. Quand soudainement, il n\u2019y a plus de v\u00e9rit\u00e9, plus de certitude, plus d&rsquo;absolu recouvrant la fragilit\u00e9 de votre beaut\u00e9 int\u00e9rieure. Tout semble flou. M\u00eame votre innocence perdue depuis longtemps appara\u00eet comme une na\u00efvet\u00e9 fra\u00eeche et juv\u00e9nile entre les mains d\u2019un monde de plus en plus cynique alors qu\u2019il nourrit cruellement son fatalisme avec les couleurs vives de l\u2019optimisme que nous avions r\u00e9ussi \u00e0 pr\u00e9server au cours de notre voyage autrement de plus en plus trouble.\n\t\t\t\t\t\t\t\t<\/div>\n\t\t\t\t<\/div>\n\t\t\t\t\t<\/div>\n\t\t<\/div>\n\t\t\t\t\t<\/div>\n\t\t<\/section>\n\t\t\t\t<section data-particle_enable=\"false\" data-particle-mobile-disabled=\"false\" class=\"elementor-section elementor-top-section elementor-element elementor-element-c204086 elementor-hidden-desktop elementor-hidden-mobile elementor-hidden-laptop elementor-hidden-tablet_extra elementor-section-boxed elementor-section-height-default elementor-section-height-default\" data-id=\"c204086\" data-element_type=\"section\" data-e-type=\"section\">\n\t\t\t\t\t\t<div class=\"elementor-container elementor-column-gap-default\">\n\t\t\t\t\t<div class=\"elementor-column elementor-col-100 elementor-top-column elementor-element elementor-element-736f281\" data-id=\"736f281\" data-element_type=\"column\" data-e-type=\"column\">\n\t\t\t<div class=\"elementor-widget-wrap elementor-element-populated\">\n\t\t\t\t\t\t<div class=\"elementor-element elementor-element-3291e82 elementor-widget elementor-widget-image\" data-id=\"3291e82\" data-element_type=\"widget\" data-e-type=\"widget\" data-widget_type=\"image.default\">\n\t\t\t\t<div class=\"elementor-widget-container\">\n\t\t\t\t\t\t\t\t\t\t\t\t\t\t\t<img fetchpriority=\"high\" decoding=\"async\" width=\"1000\" height=\"1000\" src=\"https:\/\/secretfamilycultclub.com\/wp-content\/uploads\/2023\/09\/hacidori_a-web.jpg\" class=\"attachment-large size-large wp-image-5063\" alt=\"\" srcset=\"https:\/\/secretfamilycultclub.com\/wp-content\/uploads\/2023\/09\/hacidori_a-web.jpg 1000w, https:\/\/secretfamilycultclub.com\/wp-content\/uploads\/2023\/09\/hacidori_a-web-300x300.jpg 300w, https:\/\/secretfamilycultclub.com\/wp-content\/uploads\/2023\/09\/hacidori_a-web-150x150.jpg 150w, https:\/\/secretfamilycultclub.com\/wp-content\/uploads\/2023\/09\/hacidori_a-web-768x768.jpg 768w\" sizes=\"(max-width: 1000px) 100vw, 1000px\" \/>\t\t\t\t\t\t\t\t\t\t\t\t\t\t\t<\/div>\n\t\t\t\t<\/div>\n\t\t\t\t<div class=\"elementor-element elementor-element-64ebd81 elementor-widget elementor-widget-text-editor\" data-id=\"64ebd81\" data-element_type=\"widget\" data-e-type=\"widget\" data-widget_type=\"text-editor.default\">\n\t\t\t\t<div class=\"elementor-widget-container\">\n\t\t\t\t\t\t\t\t\tCette vision du th\u00e8me est n\u00e9e alors que j&rsquo;\u00e9tais dans une phase post-chirurgicale cardiaque fragile et inqui\u00e9tante, et je crois que, dans le sch\u00e8me le plus grandiose de tout, principalement cach\u00e9 et per\u00e7u indistinctement, elle repr\u00e9sente un spectacle \u00e9clatant d&rsquo;un pass\u00e9 et d&rsquo;un pr\u00e9sent, offrant de mani\u00e8re vivante des \u00e9tincelles de parcelles troublantes et d\u00e9routantes d&rsquo;un voyage d\u00e9fini par les improbabilit\u00e9s et l&rsquo;absurdit\u00e9 dont ma vie a \u00e9t\u00e9 faite jusqu&rsquo;\u00e0 ce moment pr\u00e9cis, comme un m\u00e9lange enchev\u00eatr\u00e9 de vibrations connues et non r\u00e9solues, chacune s&rsquo;estompant \u00e0 mesure que je le fais.\n<br><br>\nC&rsquo;est d\u00e9routant de voir \u00e0 quel point la croyance la plus forte de toutes s\u2019affaiblit alors que votre respiration habituellement tranquille devient soudainement beaucoup plus difficile. Quand soudainement, il n\u2019y a plus de v\u00e9rit\u00e9, plus de certitude, plus d&rsquo;absolu recouvrant la fragilit\u00e9 de votre beaut\u00e9 int\u00e9rieure. Tout semble flou. M\u00eame votre innocence perdue depuis longtemps appara\u00eet comme une na\u00efvet\u00e9 fra\u00eeche et juv\u00e9nile entre les mains d\u2019un monde de plus en plus cynique alors qu\u2019il nourrit cruellement son fatalisme avec les couleurs vives de l\u2019optimisme que nous avions r\u00e9ussi \u00e0 pr\u00e9server au cours de notre voyage autrement de plus en plus trouble.\n\t\t\t\t\t\t\t\t<\/div>\n\t\t\t\t<\/div>\n\t\t\t\t\t<\/div>\n\t\t<\/div>\n\t\t\t\t\t<\/div>\n\t\t<\/section>\n\t\t\t\t<section data-particle_enable=\"false\" data-particle-mobile-disabled=\"false\" class=\"elementor-section elementor-top-section elementor-element elementor-element-9b301bf elementor-section-boxed elementor-section-height-default elementor-section-height-default\" data-id=\"9b301bf\" data-element_type=\"section\" data-e-type=\"section\">\n\t\t\t\t\t\t<div class=\"elementor-container elementor-column-gap-default\">\n\t\t\t\t\t<div class=\"elementor-column elementor-col-100 elementor-top-column elementor-element elementor-element-b413ea8\" data-id=\"b413ea8\" data-element_type=\"column\" data-e-type=\"column\">\n\t\t\t<div class=\"elementor-widget-wrap elementor-element-populated\">\n\t\t\t\t\t\t<div class=\"elementor-element elementor-element-d6c6db8 elementor-widget elementor-widget-text-editor\" data-id=\"d6c6db8\" data-element_type=\"widget\" data-e-type=\"widget\" data-widget_type=\"text-editor.default\">\n\t\t\t\t<div class=\"elementor-widget-container\">\n\t\t\t\t\t\t\t\t\t<p>Ce qui reste, devant le large et grand fleuve chromatique sur lequel vous \u00eates sur le point d&rsquo;\u00eatre invit\u00e9 \u00e0 marcher, c&rsquo;est l&rsquo;honn\u00eatet\u00e9 ; les quelques fragments de vos premi\u00e8res aspirations r\u00eaveuses qui demeurent, tous d\u00e9form\u00e9s par la r\u00e9alit\u00e9 d\u00e9cadente d\u2019une vie dont vous ne pouvez pas vraiment admettre qu\u2019elle est la v\u00f4tre. La vie n&rsquo;est pas facile pour les r\u00eaveurs.<br><br><br>Mais vous \u00eates l\u00e0 n\u00e9anmoins, un de ces id\u00e9alistes encore debout entre les fils du temps, conscient, d&rsquo;une certaine fa\u00e7on, de chaque fragment de seconde qui passe comme des gouttes de pluie retenant votre existence dans cette bruine, votre esprit perdu dans un ensemble de peurs, de doutes, d&rsquo;ins\u00e9curit\u00e9s et d&rsquo;absence de foi, m\u00eal\u00e9s d&rsquo;espoir r\u00e9confortant, d&rsquo;amiti\u00e9s pr\u00e9cieuses et d&rsquo;amour sain. L&rsquo;incertitude est plus p\u00e9trifiante que la confusion ne pourra jamais l&rsquo;\u00eatre\u2026 Jusqu&rsquo;\u00e0 ce qu&rsquo;une lueur apparaisse, jusqu&rsquo;\u00e0 ce que vous soyez pr\u00eat \u00e0 accueillir le flot de gu\u00e9rison qui arrose les profonds dommages de votre \u00e2me dess\u00e9ch\u00e9e, quel que soit le p\u00e2le reflet de l&rsquo;\u00e9tranger que vous \u00eates devenu \u00e0 votre propre silhouette, vous observant avec trop d&rsquo;indiff\u00e9rence pour discerner les t\u00e9n\u00e8bres de la lumi\u00e8re\u2026 Jusqu&rsquo;\u00e0 ce que vous laissiez la gentillesse et la bienveillance des autres vous trouver, comme j&rsquo;avais tant besoin qu&rsquo;ils me trouvent\u2026 Et ils l&rsquo;ont fait.<br><br><br>Dans un geste de compassion et de tendresse dont j&rsquo;ai \u00e9t\u00e9 g\u00e9n\u00e9reusement b\u00e9ni, j&rsquo;ai r\u00e9alis\u00e9 que je n&rsquo;\u00e9tais pas aussi inaccessible que je le pensais \u00e0 travers les jours plus douloureux que je n&rsquo;ai eu de cesse d&rsquo;ajouter \u00e0 des nuits de flux errants interminables. Apr\u00e8s avoir d\u00e9riv\u00e9 pendant si longtemps, attendant la majeure partie de ma vie qu&rsquo;elle soit r\u00e9par\u00e9e, qu&rsquo;on m&#8217;emm\u00e8ne loin de tout \u00e7a, j\u2019ai perdu la capacit\u00e9 d\u2019aspirer, de croire que j\u2019avais jamais \u00e9t\u00e9 trouv\u00e9, de croire que je d\u00e9passerais un jour la temp\u00eate dogmatique qui me retenait en mer, je me suis retrouv\u00e9 juste assez pr\u00e8s pour entendre mon nom port\u00e9 par la chaleur du vent flottant sur le rivage.<br><br><br>Et j\u2019ai ouvert les yeux. Dans un espace diff\u00e9rent. Dans une r\u00e9alit\u00e9 distincte. Des expositions paisibles de merveilles anciennes oubli\u00e9es. Je me suis retrouv\u00e9 dans un \u00e9tat de c\u0153ur et d&rsquo;esprit o\u00f9 il n&rsquo;y a pas d&rsquo;affliction v\u00eatue d\u2019une quelconque honte dont je croyais ne pas pouvoir \u00eatre lib\u00e9r\u00e9, o\u00f9 il n\u2019y a pas de mots pour magnifier un deuil domin\u00e9 par la culpabilit\u00e9 de ne pas avoir murmur\u00e9 des \u00e9loges fun\u00e8bres pour ceux dont j\u2019ai toujours d\u00e9sir\u00e9 les sourires lorsque les ombres profondes de mon c\u0153ur commencent \u00e0 dispara\u00eetre, o\u00f9 je peux voir les images les plus brillantes des moments lumineux qui ont \u00e9t\u00e9 farouchement pr\u00e9serv\u00e9s en moi, des moments qui ont permis au plus profond de tous les sons de s&rsquo;exprimer, murmurant \u00e0 travers cette joie exaltante d&rsquo;une vie renouvel\u00e9e.<br><br><br>Et malgr\u00e9 toutes les promesses que j&rsquo;ai oubli\u00e9es, les visions dans lesquelles je m&rsquo;\u00e9tais vu \u00e9voluer, les transformations sur lesquelles j&rsquo;ai renonc\u00e9 \u00e0 m&rsquo;appuyer, me voici, r\u00e9veill\u00e9, contemplant la gaiet\u00e9 du ciel comme une premi\u00e8re vague de profonde gratitude. Une graine doit mourir pour que ses myst\u00e8res cach\u00e9s se r\u00e9v\u00e8lent, pour que sa vivacit\u00e9 s&rsquo;\u00e9panouisse. Il faut l\u00e2cher prise pour rena\u00eetre, fleurir. Du cadeau de quelqu\u2019un d\u2019autre, offert en un dernier au revoir, en une derni\u00e8re faveur \u00e0 un ami jamais rencontr\u00e9, pour moi, en attente de r\u00e9surrection.<br><br><br>Oui, me voici, reconnaissant d\u2019\u00eatre ici, car je sais qu&rsquo; \u00ab\u00a0ici\u00a0\u00bb est non seulement r\u00e9el, mais cet \u00ab\u00a0ici\u00a0\u00bb est finalement MAINTENANT.<\/p>\t\t\t\t\t\t\t\t<\/div>\n\t\t\t\t<\/div>\n\t\t\t\t<div class=\"elementor-element elementor-element-114270c elementor-widget elementor-widget-image\" data-id=\"114270c\" data-element_type=\"widget\" data-e-type=\"widget\" data-widget_type=\"image.default\">\n\t\t\t\t<div class=\"elementor-widget-container\">\n\t\t\t\t\t\t\t\t\t\t\t\t\t\t\t<img decoding=\"async\" width=\"941\" height=\"214\" src=\"https:\/\/secretfamilycultclub.com\/wp-content\/uploads\/2023\/09\/ahf_signature-full-beige.png\" class=\"attachment-large size-large wp-image-5066\" alt=\"\" srcset=\"https:\/\/secretfamilycultclub.com\/wp-content\/uploads\/2023\/09\/ahf_signature-full-beige.png 941w, https:\/\/secretfamilycultclub.com\/wp-content\/uploads\/2023\/09\/ahf_signature-full-beige-300x68.png 300w, https:\/\/secretfamilycultclub.com\/wp-content\/uploads\/2023\/09\/ahf_signature-full-beige-768x175.png 768w\" sizes=\"(max-width: 941px) 100vw, 941px\" \/>\t\t\t\t\t\t\t\t\t\t\t\t\t\t\t<\/div>\n\t\t\t\t<\/div>\n\t\t\t\t\t<\/div>\n\t\t<\/div>\n\t\t\t\t\t<\/div>\n\t\t<\/section>\n\t\t\t\t<\/div>\n\t\t","protected":false},"excerpt":{"rendered":"<p>\u00c0 propos du th\u00e8me The Exhilarating Joy of a Life Made Anew (From Something Given to Someone Revived) La joie exaltante d\u2019une vie renouvel\u00e9e (De quelque chose donn\u00e9 \u00e0 quelqu&rsquo;un ressuscit\u00e9) Cette vision du th\u00e8me est n\u00e9e alors que j&rsquo;\u00e9tais dans une phase post-chirurgicale cardiaque fragile et inqui\u00e9tante, et je crois que, dans le sch\u00e8me &#8230; <a title=\"The Exhilarating Joy of a Life Made Anew\" class=\"read-more\" href=\"https:\/\/secretfamilycultclub.com\/fr\/the-exhilarating-joy-of-a-life-made-anew\/\" aria-label=\"En savoir plus sur The Exhilarating Joy of a Life Made Anew\">Lire la suite<\/a><\/p>\n","protected":false},"author":1,"featured_media":0,"parent":0,"menu_order":0,"comment_status":"closed","ping_status":"closed","template":"","meta":{"footnotes":""},"class_list":["post-5103","page","type-page","status-publish"],"_links":{"self":[{"href":"https:\/\/secretfamilycultclub.com\/fr\/wp-json\/wp\/v2\/pages\/5103","targetHints":{"allow":["GET"]}}],"collection":[{"href":"https:\/\/secretfamilycultclub.com\/fr\/wp-json\/wp\/v2\/pages"}],"about":[{"href":"https:\/\/secretfamilycultclub.com\/fr\/wp-json\/wp\/v2\/types\/page"}],"author":[{"embeddable":true,"href":"https:\/\/secretfamilycultclub.com\/fr\/wp-json\/wp\/v2\/users\/1"}],"replies":[{"embeddable":true,"href":"https:\/\/secretfamilycultclub.com\/fr\/wp-json\/wp\/v2\/comments?post=5103"}],"version-history":[{"count":24,"href":"https:\/\/secretfamilycultclub.com\/fr\/wp-json\/wp\/v2\/pages\/5103\/revisions"}],"predecessor-version":[{"id":5815,"href":"https:\/\/secretfamilycultclub.com\/fr\/wp-json\/wp\/v2\/pages\/5103\/revisions\/5815"}],"wp:attachment":[{"href":"https:\/\/secretfamilycultclub.com\/fr\/wp-json\/wp\/v2\/media?parent=5103"}],"curies":[{"name":"wp","href":"https:\/\/api.w.org\/{rel}","templated":true}]}}